{"id":22,"date":"2026-01-20T16:34:58","date_gmt":"2026-01-20T16:34:58","guid":{"rendered":"https:\/\/tcm-medicus.mea-webdesign.ch\/?page_id=22"},"modified":"2026-04-07T14:33:44","modified_gmt":"2026-04-07T14:33:44","slug":"ueber-mich","status":"publish","type":"page","link":"https:\/\/tcm-medicus.mea-webdesign.ch\/?page_id=22","title":{"rendered":"\u00dcber mich"},"content":{"rendered":"\t\t<div data-elementor-type=\"wp-page\" data-elementor-id=\"22\" class=\"elementor elementor-22\" data-elementor-post-type=\"page\">\n\t\t\t\t<div class=\"elementor-element elementor-element-4853995 e-flex e-con-boxed e-con e-parent\" data-id=\"4853995\" data-element_type=\"container\" data-settings=\"{&quot;background_background&quot;:&quot;classic&quot;}\">\n\t\t\t\t\t<div class=\"e-con-inner\">\n\t\t\t\t<div class=\"elementor-element elementor-element-08492d5 elementor-widget elementor-widget-heading\" data-id=\"08492d5\" data-element_type=\"widget\" data-widget_type=\"heading.default\">\n\t\t\t\t\t<h2 class=\"elementor-heading-title elementor-size-default\">\u00fcber mich<\/h2>\t\t\t\t<\/div>\n\t\t\t\t\t<\/div>\n\t\t\t\t<\/div>\n\t\t<div class=\"elementor-element elementor-element-344ea2a e-flex e-con-boxed e-con e-parent\" data-id=\"344ea2a\" data-element_type=\"container\">\n\t\t\t\t\t<div class=\"e-con-inner\">\n\t\t<div class=\"elementor-element elementor-element-0612bf0 e-con-full e-flex e-con e-child\" data-id=\"0612bf0\" data-element_type=\"container\">\n\t\t\t\t<div class=\"elementor-element elementor-element-910e707 elementor-widget__width-initial elementor-widget elementor-widget-image\" data-id=\"910e707\" data-element_type=\"widget\" data-widget_type=\"image.default\">\n\t\t\t\t\t\t\t\t\t\t\t\t\t\t\t<img fetchpriority=\"high\" decoding=\"async\" width=\"1518\" height=\"1897\" src=\"https:\/\/tcm-medicus.mea-webdesign.ch\/wp-content\/uploads\/2026\/01\/CON_3333.jpg\" class=\"attachment-full size-full wp-image-58\" alt=\"Portr\u00e4t von Markus Hasler, l\u00e4chelnd vor neutralem Hintergrund. schwarz\/weiss\" srcset=\"https:\/\/tcm-medicus.mea-webdesign.ch\/wp-content\/uploads\/2026\/01\/CON_3333.jpg 1518w, https:\/\/tcm-medicus.mea-webdesign.ch\/wp-content\/uploads\/2026\/01\/CON_3333-240x300.jpg 240w, https:\/\/tcm-medicus.mea-webdesign.ch\/wp-content\/uploads\/2026\/01\/CON_3333-819x1024.jpg 819w, https:\/\/tcm-medicus.mea-webdesign.ch\/wp-content\/uploads\/2026\/01\/CON_3333-768x960.jpg 768w, https:\/\/tcm-medicus.mea-webdesign.ch\/wp-content\/uploads\/2026\/01\/CON_3333-1229x1536.jpg 1229w\" sizes=\"(max-width: 1518px) 100vw, 1518px\" \/>\t\t\t\t\t\t\t\t\t\t\t\t\t\t\t<\/div>\n\t\t\t\t<\/div>\n\t\t<div class=\"elementor-element elementor-element-9aa5e26 e-con-full e-flex e-con e-child\" data-id=\"9aa5e26\" data-element_type=\"container\">\n\t\t\t\t<div class=\"elementor-element elementor-element-fb76462 elementor-widget elementor-widget-heading\" data-id=\"fb76462\" data-element_type=\"widget\" data-widget_type=\"heading.default\">\n\t\t\t\t\t<h2 class=\"elementor-heading-title elementor-size-default\">eidg. dipl. Naturheilpraktiker hf TCM\nNaturarzt TCM, Akupunktur, Chinesische Arzneimitteltherapie, Tuina-Massage<\/h2>\t\t\t\t<\/div>\n\t\t\t\t<div class=\"elementor-element elementor-element-fa9891c elementor-widget elementor-widget-text-editor\" data-id=\"fa9891c\" data-element_type=\"widget\" data-widget_type=\"text-editor.default\">\n\t\t\t\t\t\t\t\t\t<p>Spezialgebiete: Frauenheilkunde und Kinderwunsch, Kinderheilkunde, Sport- und Schmerzmedizin<br \/>Verheiratet, eine Tochter und ein Sohn<br \/>Dipl. Akupunkteur (SBO-TCM, ITCMB)<br \/>Dipl. Arzneimitteltherapeut (SBO-TCM, Paramed)<br \/>Krankenkassenanerkennung via Zusatzversicherung<br \/>(SBO-TCM, EMR, ASCA, NVS-A, Visana Liste, EGK Liste)<br \/>ehem. Vorstandsmitglied VIRM \/ Verein f\u00fcr Integrative Reproduktionsmedizin<\/p>\t\t\t\t\t\t\t\t<\/div>\n\t\t\t\t<\/div>\n\t\t\t\t\t<\/div>\n\t\t\t\t<\/div>\n\t\t<div class=\"elementor-element elementor-element-b9dafb1 e-con-full e-flex e-con e-parent\" data-id=\"b9dafb1\" data-element_type=\"container\" data-settings=\"{&quot;background_background&quot;:&quot;gradient&quot;}\">\n\t\t<div class=\"elementor-element elementor-element-4d6231f e-flex e-con-boxed e-con e-child\" data-id=\"4d6231f\" data-element_type=\"container\">\n\t\t\t\t\t<div class=\"e-con-inner\">\n\t\t\t\t<div class=\"elementor-element elementor-element-600479e elementor-widget__width-initial elementor-widget elementor-widget-text-editor\" data-id=\"600479e\" data-element_type=\"widget\" data-widget_type=\"text-editor.default\">\n\t\t\t\t\t\t\t\t\t<p>Im Jahr 2005 habe ich mich nach diversen Reisen durch S\u00fcdost-Asien f\u00fcr eine Zweitausbildung im Gesundheitsbereich entschieden. Meine Leidenschaft f\u00fcr Asien und Kampfsport wies mir den Weg zur Traditionellen Chinesischen Medizin. Im Herbst 2006 begann ich mein Studium f\u00fcr Akupunktur am Institut f\u00fcr Traditionelle Chinesische Medizin in Basel, Diplomierung im Dezember 2009. Im Oktober 2011 habe ich den Studiengang \u201eChinesische Arzneimittellehre\u201c an der Paramed in Baar abgeschlossen. Ich praktiziere die Chinesische Medizin mit Leidenschaft und Enthusiasmus und bilde mich laufend in den Bereichen Chinesische Medizin sowie Schulmedizin weiter.<\/p>\t\t\t\t\t\t\t\t<\/div>\n\t\t\t\t\t<\/div>\n\t\t\t\t<\/div>\n\t\t<div class=\"elementor-element elementor-element-6f6aa0c e-con-full e-flex e-con e-child\" data-id=\"6f6aa0c\" data-element_type=\"container\">\n\t\t\t\t<div class=\"elementor-element elementor-element-80df1e6 elementor-widget__width-initial elementor-widget elementor-widget-image\" data-id=\"80df1e6\" data-element_type=\"widget\" data-widget_type=\"image.default\">\n\t\t\t\t\t\t\t\t\t\t\t\t\t\t\t<img decoding=\"async\" width=\"800\" height=\"534\" src=\"https:\/\/tcm-medicus.mea-webdesign.ch\/wp-content\/uploads\/2026\/02\/traditional-chinese-medicine-3528232_1920-1024x683.jpg\" class=\"attachment-large size-large wp-image-88\" alt=\"\" srcset=\"https:\/\/tcm-medicus.mea-webdesign.ch\/wp-content\/uploads\/2026\/02\/traditional-chinese-medicine-3528232_1920-1024x683.jpg 1024w, https:\/\/tcm-medicus.mea-webdesign.ch\/wp-content\/uploads\/2026\/02\/traditional-chinese-medicine-3528232_1920-300x200.jpg 300w, https:\/\/tcm-medicus.mea-webdesign.ch\/wp-content\/uploads\/2026\/02\/traditional-chinese-medicine-3528232_1920-768x512.jpg 768w, https:\/\/tcm-medicus.mea-webdesign.ch\/wp-content\/uploads\/2026\/02\/traditional-chinese-medicine-3528232_1920-1536x1024.jpg 1536w, https:\/\/tcm-medicus.mea-webdesign.ch\/wp-content\/uploads\/2026\/02\/traditional-chinese-medicine-3528232_1920.jpg 1920w\" sizes=\"(max-width: 800px) 100vw, 800px\" \/>\t\t\t\t\t\t\t\t\t\t\t\t\t\t\t<\/div>\n\t\t\t\t<\/div>\n\t\t\t\t<\/div>\n\t\t<div class=\"elementor-element elementor-element-0cbcc56 e-flex e-con-boxed e-con e-parent\" data-id=\"0cbcc56\" data-element_type=\"container\">\n\t\t\t\t\t<div class=\"e-con-inner\">\n\t\t\t\t<div class=\"elementor-element elementor-element-1c7c804 elementor-widget elementor-widget-heading\" data-id=\"1c7c804\" data-element_type=\"widget\" data-widget_type=\"heading.default\">\n\t\t\t\t\t<h2 class=\"elementor-heading-title elementor-size-default\">CV<\/h2>\t\t\t\t<\/div>\n\t\t\t\t<div class=\"elementor-element elementor-element-110b3f6 elementor-widget elementor-widget-heading\" data-id=\"110b3f6\" data-element_type=\"widget\" data-widget_type=\"heading.default\">\n\t\t\t\t\t<h2 class=\"elementor-heading-title elementor-size-default\">Curriculum Vitae<\/h2>\t\t\t\t<\/div>\n\t\t\t\t<div class=\"elementor-element elementor-element-ba80a75 elementor-widget elementor-widget-text-editor\" data-id=\"ba80a75\" data-element_type=\"widget\" data-widget_type=\"text-editor.default\">\n\t\t\t\t\t\t\t\t\t<div id=\"main\"><div class=\"container clearfix\"><div id=\"content\"><section id=\"post-83\" class=\"post-83 page type-page status-publish hentry\"><article><div class=\"entry-content clearfix\"><ul><li>1997-2000 Berufslehre mit Berufsmaturit\u00e4t als Kaufm\u00e4nnisch Angestellter bei der Basellandschaftlichen Kantonalbank BLKB, danach Festanstellung bei der BLKB<\/li><li>2006 Studium Akupunktur TCM am Institut f\u00fcr Traditionelle Chinesische Medizin Basel (ITCMB), Abschlussarbeit \u201eChronisches Ersch\u00f6pfungssyndrom \u2013 CFS behandelt mit Akupunktur und Moxibustion\u201c<\/li><li>2008 Pr\u00fcfungsausweis in schulmedizinischen Grundlagen durch das Gesundheitsdepartement Basel-Stadt<\/li><li>2008 Ausbildungsbeginn Studium Chinesische Arzneimitteltherapie an der Paramed. Mehr als 1000h Praktika bei ITCMB, ICM Basel und bei Massimo Giarrusso in Riehen.\u00a0Abschlussarbeit \u201eAnerkennung der Traditionellen Chinesischen Medizin bei Haus\u00e4rzten und Gyn\u00e4kologen im Kanton BL\u201c<\/li><li>2009 Akupunktur Diplom<\/li><li>2010 SBO-A Mitglied, Krankenkassenanerkennung, Gr\u00fcndung von medicus tcm<\/li><li>2011 Diplom Chinesische Arzneimitteltherapie (Simon Becker und Massimo Giarrusso)<\/li><li>2013 Dozent Chinesische Medizin an der Tao Chi, Schule f\u00fcr Traditionelle Chinesische Medizin, Z\u00fcrich<\/li><li>2012 bis 2015: TCM-Therapeut bei TCM Aarau<\/li><li>2015 bis 2016: TCM-Therapeut im Gesundwerk, Integrative Hausarztpraxis in Aarau (via TCM Aarau)<\/li><li>2016 Dozent Chinesische Medizin an der Paramed Akademie f\u00fcr Naturheilkunde in Baar<\/li><li>2019 \u2013 heute: TCM-Therapeut am Unispital in Z\u00fcrich USZ \u2013 Institut f\u00fcr komplement\u00e4re und integrative Medizin \u2013 Poliklinik (1 Tag pro Woche)<br \/><br \/><\/li><\/ul><h2>Weiterbildungen<\/h2><ul><li>2008\u00a0Akupunktur in der Sportmedizin bei Whitfield Reaves<\/li><li>2008\u00a0Japanische Akupunktur bei Stephen Birch<\/li><li>2009 Internationaler Akupunkturkongress, Akupunktur in der Geburtshilfe bei Debra Betts, Sandi Suwanda und Anette Koppang<\/li><li>2010 ASA TCM-Kongress in Basel<\/li><li>2012 Internationaler Akupunkturkongress unter anderem mit Fransiscus Sulistyo, Anat Mendler Shefer, Birgit Seybold<\/li><li>2013-2014 Einj\u00e4hrige Weiterbildung in TCM Kinderheilkunde, Nina Zhao-Seiler<\/li><li>2013 Teil 1: Psychiatrische Notf\u00e4lle in der Praxis, Med. pract. Philipp Bohny<\/li><li>2014 Teil 2: Psychiatrische Notf\u00e4lle in der Praxis, Med. pract. Philipp Bohny<\/li><li>2014 Red Flags, Medizinische Notf\u00e4lle erkennen, Dr. med. Hartwig Reiter<\/li><li>2014 Geburtsvorbereitung, Geburtshilfe und Wochenbett f\u00fcr TCM, Lisa Gianora (Hebamme)<\/li><li>2014 Forschung in der Akupunktur, Ph.D. Raphael Hochstrasser<\/li><li>2014-2015 Einj\u00e4hriger Postgrad-Course in Gyn\u00e4kologie und Infertitlit\u00e4t bei Prof. Dr. Wu (PRC)<\/li><li>2015 Darmflora \u2013 Mikrobe-Mensch-Medizin, Dr. Gunter Neeb (DE)<\/li><li>2015-2016 Einj\u00e4hriger Ausbildungslehrgang f\u00fcr TCM-Spezialist in Reproduktionsmedizin (Kinderwunsch), Celine Leonard (IRL)<\/li><li>2016 Tuina Diplomausbildung an der Academy of Chinese Healing Arts in Winterthur<\/li><li>2017 Menopause und Fallbeispiele Gyn\u00e4kologie\/Kinderwunsch an der LianChinaherbs bei Prof. Dr. Wu (PRC)<\/li><li>2017 Der komplette Master Tung Akupunktur Kurs bei Dr. Sandi Suwanda (CH) und Dr. Chuan-Min Wang aus Illinois (USA)<\/li><li>2018 Symposium Verein f\u00fcr Integrative Reproduktionsmedizin mit internationalen Referenten aus aus Schulmedizin und Chinesischer Medizin. Dr. med. Michael H\u00e4berle, Anat Mendler-Shefer, Dr. med. Axel Wiebrecht und Andere.<\/li><li>2018 ASA-Kongress in Solothurn. Kongress der Schweizer \u00c4rztegesellschaft f\u00fcr Akupunktur und Chinesische Medizin.<br \/>Prof. Dr. med. Hans-Georg Ross, Dr. Claudia Citkovitz, Dr. med. Than Huyhn, Dr. med. univ. Olivia Krammer-Projer und Andere.<\/li><li>2019 Weiterbildung zum Thema m\u00e4nnliche Infertilit\u00e4t, Erektionsst\u00f6rungen und Libidoverlust mit Dr. Olivia Krammer-Pojer<\/li><li>2019 Abschluss H\u00f6here Fachpr\u00fcfung hf: eidg. dipl. Naturheilpraktiker TCM mit Fachrichtungen Akupunktur, Chinesische Arzneitherapie, Tuina.<br \/>Thema der Fallstudie: Lebermetastasen \u2013 eine integrative Behandlung<\/li><li>2021 Unterst\u00fctzung von Krebspatienten mit Akupunktur und Chinesischer Medizin mit Simon Becker, See-Spital Horgen<\/li><li>2021 Master Tung\u2019s Akupunktur mit Prof. Hans Georg Ross, Chiway, Winterthur<\/li><li>2021-2022 Intl. Certification Program for Oncology Acupuncture, Dr. Yair Maimon und andere<\/li><li>2021: BLS Reanimationskurs, Universit\u00e4tsspital Z\u00fcrich<\/li><li>2022: Symposium VIRM \u2013 Verein f\u00fcr integrative Reproduktionsmedizin<\/li><li>2023: TCM-Symposium, TCM-Fachverband, Thema \u201eH\u00e4ufige Magen-Darm-Erkrankungen\u201c mit<br \/>Dr. Andreas Kalg, Ralf Luthard, Christine Dam<\/li><li>2023: 1st European Orthopaedic and Sports Acupuncture Congress with<br \/>Dr. Jenny Nieters USA, Dr. Josh Margolis USA, Dr. Richard Hazel USA<\/li><li>2023: BLS Reanimationskurs, Universit\u00e4tsspital Z\u00fcrich<\/li><li>2024 2nd European Orthopaedic and Sports Acupuncture Congress with<br \/>Dr. Jenny Nieters USA, Dr. Josh Margolis USA, Dr. Richard Hazel USA<\/li><li>2024 Sachkundeausweis Laserakupunktur an der Chiway \u2013 Academy of Chinese Healing Arts in Winterthur<\/li><li>2024 \u2013 2027 Advanced Chinese Medicine: Developing Clinical Mastery Through Meta-Practice with Prof. Volker Scheid \/ GB und DE<\/li><li>2025 \u2013 2026 Neuro Meridian Integrative Acupcuncture: Certification Programm with Dr. Poney Chiang<\/li><li>2025 3rd European Orthopaedic and Sports Acupuncture Congress with<br \/>Dr. Jenny Nieters USA, Dr. Josh Margolis USA, Dr. Richard Hazel USA<\/li><li>2025 Basler Symposium f\u00fcr Integrative Medizin<\/li><\/ul><\/div><div id=\"comments\" class=\"comments-area\">\u00a0<\/div><\/article><\/section><\/div><\/div><\/div><footer id=\"colophon\" class=\"clearfix\"><div id=\"site-generator\">\u00a0<\/div><\/footer>\t\t\t\t\t\t\t\t<\/div>\n\t\t\t\t\t<\/div>\n\t\t\t\t<\/div>\n\t\t\t\t<\/div>\n\t\t","protected":false},"excerpt":{"rendered":"<p>\u00fcber mich eidg. dipl. Naturheilpraktiker hf TCM Naturarzt TCM, Akupunktur, Chinesische Arzneimitteltherapie, Tuina-Massage Spezialgebiete: Frauenheilkunde und Kinderwunsch, Kinderheilkunde, Sport- und SchmerzmedizinVerheiratet, eine Tochter und ein SohnDipl. Akupunkteur (SBO-TCM, ITCMB)Dipl. Arzneimitteltherapeut (SBO-TCM, Paramed)Krankenkassenanerkennung via Zusatzversicherung(SBO-TCM, EMR, ASCA, NVS-A, Visana Liste, EGK Liste)ehem. Vorstandsmitglied VIRM \/ Verein f\u00fcr Integrative Reproduktionsmedizin Im Jahr 2005 habe ich mich nach [&hellip;]<\/p>\n","protected":false},"author":1,"featured_media":0,"parent":0,"menu_order":0,"comment_status":"closed","ping_status":"closed","template":"","meta":{"footnotes":""},"class_list":["post-22","page","type-page","status-publish","hentry"],"_links":{"self":[{"href":"https:\/\/tcm-medicus.mea-webdesign.ch\/index.php?rest_route=\/wp\/v2\/pages\/22","targetHints":{"allow":["GET"]}}],"collection":[{"href":"https:\/\/tcm-medicus.mea-webdesign.ch\/index.php?rest_route=\/wp\/v2\/pages"}],"about":[{"href":"https:\/\/tcm-medicus.mea-webdesign.ch\/index.php?rest_route=\/wp\/v2\/types\/page"}],"author":[{"embeddable":true,"href":"https:\/\/tcm-medicus.mea-webdesign.ch\/index.php?rest_route=\/wp\/v2\/users\/1"}],"replies":[{"embeddable":true,"href":"https:\/\/tcm-medicus.mea-webdesign.ch\/index.php?rest_route=%2Fwp%2Fv2%2Fcomments&post=22"}],"version-history":[{"count":7,"href":"https:\/\/tcm-medicus.mea-webdesign.ch\/index.php?rest_route=\/wp\/v2\/pages\/22\/revisions"}],"predecessor-version":[{"id":240,"href":"https:\/\/tcm-medicus.mea-webdesign.ch\/index.php?rest_route=\/wp\/v2\/pages\/22\/revisions\/240"}],"wp:attachment":[{"href":"https:\/\/tcm-medicus.mea-webdesign.ch\/index.php?rest_route=%2Fwp%2Fv2%2Fmedia&parent=22"}],"curies":[{"name":"wp","href":"https:\/\/api.w.org\/{rel}","templated":true}]}}